{"id":731,"date":"2023-01-12T14:37:08","date_gmt":"2023-01-12T13:37:08","guid":{"rendered":"https:\/\/www.origamiandco.com\/contact\/"},"modified":"2023-02-26T18:51:33","modified_gmt":"2023-02-26T17:51:33","slug":"contact","status":"publish","type":"page","link":"https:\/\/www.origamiandco.com\/en\/contact\/","title":{"rendered":"Contact"},"content":{"rendered":"<p>[et_pb_section fb_built=&#8221;1&#8243; _builder_version=&#8221;4.19.4&#8243; _module_preset=&#8221;default&#8221; width=&#8221;100%&#8221; custom_margin=&#8221;0px||0px||false|false&#8221; custom_padding=&#8221;0px||0px||false|false&#8221; global_colors_info=&#8221;{}&#8221;][et_pb_row column_structure=&#8221;1_2,1_2&#8243; use_custom_gutter=&#8221;on&#8221; gutter_width=&#8221;1&#8243; make_equal=&#8221;on&#8221; custom_padding_last_edited=&#8221;on|phone&#8221; _builder_version=&#8221;4.19.4&#8243; _module_preset=&#8221;default&#8221; width=&#8221;100%&#8221; max_width=&#8221;1440px&#8221; custom_margin=&#8221;auto|auto|auto|auto|false|false&#8221; custom_padding=&#8221;0px|40px|0px|40px|false|true&#8221; custom_padding_tablet=&#8221;0px|40px|0px|40px|false|true&#8221; custom_padding_phone=&#8221;0px|20px|0px|20px|false|true&#8221; global_colors_info=&#8221;{}&#8221;][et_pb_column type=&#8221;1_2&#8243; _builder_version=&#8221;4.19.4&#8243; _module_preset=&#8221;default&#8221; custom_padding=&#8221;60px|20px|60px||false|false&#8221; custom_css_main_element=&#8221;display: flex;||flex-direction: column;||justify-content: center;&#8221; border_width_right=&#8221;1px&#8221; border_color_right=&#8221;#BFBFBF&#8221; border_style_right=&#8221;dashed&#8221; border_width_bottom=&#8221;0px&#8221; border_color_bottom=&#8221;#BFBFBF&#8221; border_style_bottom=&#8221;dashed&#8221; border_width_right_tablet=&#8221;0px&#8221; border_width_right_phone=&#8221;0px&#8221; border_width_right_last_edited=&#8221;on|tablet&#8221; global_colors_info=&#8221;{}&#8221;][et_pb_text _builder_version=&#8221;4.19.4&#8243; _module_preset=&#8221;default&#8221; text_font=&#8221;|||on|||||&#8221; text_text_color=&#8221;#d26820&#8243; text_font_size=&#8221;0.94rem&#8221; custom_margin=&#8221;||0px||false|false&#8221; custom_padding=&#8221;||0px||false|false&#8221; global_colors_info=&#8221;{}&#8221;]<\/p>\n<h4 style=\"text-align: left;\">CONTACT<\/h4>\n<p>[\/et_pb_text][et_pb_text _builder_version=&#8221;4.19.4&#8243; _module_preset=&#8221;default&#8221; custom_margin=&#8221;||0px||false|false&#8221; custom_padding=&#8221;||||false|false&#8221; saved_tabs=&#8221;all&#8221; global_colors_info=&#8221;{}&#8221;]<\/p>\n<h1>Get in touch!<\/h1>\n<p>[\/et_pb_text][et_pb_text _builder_version=&#8221;4.19.4&#8243; _module_preset=&#8221;default&#8221; max_width=&#8221;600px&#8221; custom_margin=&#8221;||30px||false|false&#8221; global_colors_info=&#8221;{}&#8221;]<\/p>\n<p>I will be happy to speak with you on the phone.<br \/>Based on your needs, we will think together how to boost your talents and gain agility and enjoyment at work.<\/p>\n<p>[\/et_pb_text][et_pb_blurb image=&#8221;https:\/\/www.origamiandco.com\/wp-content\/uploads\/2023\/01\/phone.png&#8221; icon_placement=&#8221;left&#8221; image_icon_width=&#8221;32px&#8221; content_max_width=&#8221;100%&#8221; _builder_version=&#8221;4.19.4&#8243; _module_preset=&#8221;default&#8221; custom_margin=&#8221;0px|0px|20px|0px|false|false&#8221; custom_padding=&#8221;0px|0px|0px|0px|false|false&#8221; global_module=&#8221;132&#8243; global_colors_info=&#8221;{}&#8221;]<\/p>\n<p>Suisse<br \/>\n<a href=\"tel:+41772099094\">+41 (0)77 209 90 94<\/a><\/p>\n<p>France<br \/>\n<a href=\"tel:+33660126688\">+33 (0)6 60 12 66 88<\/a><\/p>\n<p>[\/et_pb_blurb][et_pb_blurb image=&#8221;https:\/\/www.origamiandco.com\/wp-content\/uploads\/2023\/01\/mail.png&#8221; icon_placement=&#8221;left&#8221; image_icon_width=&#8221;32px&#8221; content_max_width=&#8221;100%&#8221; _builder_version=&#8221;4.19.4&#8243; _module_preset=&#8221;default&#8221; image_icon_custom_margin=&#8221;||||false|false&#8221; image_icon_custom_padding=&#8221;||||false|false&#8221; custom_margin=&#8221;0px|0px|20px|0px|false|false&#8221; custom_padding=&#8221;0px|0px|0px|0px|false|false&#8221; global_module=&#8221;133&#8243; global_colors_info=&#8221;{}&#8221;]<\/p>\n<p><a href=\"mailto:anne@origamiandco.com\">anne@origamiandco.com<\/a><\/p>\n<p>[\/et_pb_blurb][et_pb_blurb image=&#8221;https:\/\/www.origamiandco.com\/wp-content\/uploads\/2023\/01\/linkedin.png&#8221; icon_placement=&#8221;left&#8221; image_icon_width=&#8221;32px&#8221; content_max_width=&#8221;100%&#8221; _builder_version=&#8221;4.19.4&#8243; _module_preset=&#8221;default&#8221; custom_margin=&#8221;0px|0px|0px|0px|false|false&#8221; custom_padding=&#8221;0px|0px|0px|0px|false|false&#8221; global_module=&#8221;134&#8243; global_colors_info=&#8221;{}&#8221;]<\/p>\n<p><a href=\"https:\/\/fr.linkedin.com\/in\/anne-gaudel-89455464\">LinkedIn<\/a><\/p>\n<p>[\/et_pb_blurb][\/et_pb_column][et_pb_column type=&#8221;1_2&#8243; _builder_version=&#8221;4.19.4&#8243; _module_preset=&#8221;default&#8221; custom_padding=&#8221;60px||120px||false|false&#8221; custom_css_main_element=&#8221;display: flex;||flex-direction: column;||justify-content: center;&#8221; global_colors_info=&#8221;{}&#8221;][et_pb_contact_form email=&#8221;anne@origamiandco.com&#8221; success_message=&#8221;Message sent!&#8221; submit_button_text=&#8221;Send&#8221; module_class=&#8221;lwp-label-contact&#8221; _builder_version=&#8221;4.19.4&#8243; _module_preset=&#8221;default&#8221; _unique_id=&#8221;d6f9d6c4-0b43-44e6-9145-b98025fdd56c&#8221; form_field_background_color=&#8221;RGBA(255,255,255,0)&#8221; form_field_text_color=&#8221;#A7A7A7&#8243; title_text_color=&#8221;#0E0821&#8243; max_width=&#8221;600px&#8221; custom_margin=&#8221;0px|auto|0px|auto|true|false&#8221; custom_padding=&#8221;90px|0px|90px|0px|true|true&#8221; hover_enabled=&#8221;0&#8243; border_width_bottom=&#8221;2px&#8221; border_color_bottom=&#8221;#A7A7A7&#8243; global_colors_info=&#8221;{}&#8221; sticky_enabled=&#8221;0&#8243; form_field_focus_text_color=&#8221;#666666&#8243; custom_padding_last_edited=&#8221;on|phone&#8221; custom_padding_tablet=&#8221;20px||20px||true|true&#8221; custom_padding_phone=&#8221;0px||0px||true|true&#8221;][et_pb_contact_field field_id=&#8221;Prenom&#8221; field_title=&#8221;First name*&#8221; _builder_version=&#8221;4.19.4&#8243; _module_preset=&#8221;default&#8221; global_colors_info=&#8221;{}&#8221; button_text_size__hover_enabled=&#8221;off&#8221; button_one_text_size__hover_enabled=&#8221;off&#8221; button_two_text_size__hover_enabled=&#8221;off&#8221; button_text_color__hover_enabled=&#8221;off&#8221; button_one_text_color__hover_enabled=&#8221;off&#8221; button_two_text_color__hover_enabled=&#8221;off&#8221; button_border_width__hover_enabled=&#8221;off&#8221; button_one_border_width__hover_enabled=&#8221;off&#8221; button_two_border_width__hover_enabled=&#8221;off&#8221; button_border_color__hover_enabled=&#8221;off&#8221; button_one_border_color__hover_enabled=&#8221;off&#8221; button_two_border_color__hover_enabled=&#8221;off&#8221; button_border_radius__hover_enabled=&#8221;off&#8221; button_one_border_radius__hover_enabled=&#8221;off&#8221; button_two_border_radius__hover_enabled=&#8221;off&#8221; button_letter_spacing__hover_enabled=&#8221;off&#8221; button_one_letter_spacing__hover_enabled=&#8221;off&#8221; button_two_letter_spacing__hover_enabled=&#8221;off&#8221; button_bg_color__hover_enabled=&#8221;off&#8221; button_one_bg_color__hover_enabled=&#8221;off&#8221; button_two_bg_color__hover_enabled=&#8221;off&#8221;][\/et_pb_contact_field][et_pb_contact_field field_id=&#8221;Nom&#8221; field_title=&#8221;Last name*&#8221; _builder_version=&#8221;4.19.4&#8243; _module_preset=&#8221;default&#8221; global_colors_info=&#8221;{}&#8221;][\/et_pb_contact_field][et_pb_contact_field field_id=&#8221;Email&#8221; field_title=&#8221;E-mail*&#8221; field_type=&#8221;email&#8221; _builder_version=&#8221;4.19.4&#8243; global_colors_info=&#8221;{}&#8221; button_text_size__hover_enabled=&#8221;off&#8221; button_one_text_size__hover_enabled=&#8221;off&#8221; button_two_text_size__hover_enabled=&#8221;off&#8221; button_text_color__hover_enabled=&#8221;off&#8221; button_one_text_color__hover_enabled=&#8221;off&#8221; button_two_text_color__hover_enabled=&#8221;off&#8221; button_border_width__hover_enabled=&#8221;off&#8221; button_one_border_width__hover_enabled=&#8221;off&#8221; button_two_border_width__hover_enabled=&#8221;off&#8221; button_border_color__hover_enabled=&#8221;off&#8221; button_one_border_color__hover_enabled=&#8221;off&#8221; button_two_border_color__hover_enabled=&#8221;off&#8221; button_border_radius__hover_enabled=&#8221;off&#8221; button_one_border_radius__hover_enabled=&#8221;off&#8221; button_two_border_radius__hover_enabled=&#8221;off&#8221; button_letter_spacing__hover_enabled=&#8221;off&#8221; button_one_letter_spacing__hover_enabled=&#8221;off&#8221; button_two_letter_spacing__hover_enabled=&#8221;off&#8221; button_bg_color__hover_enabled=&#8221;off&#8221; button_one_bg_color__hover_enabled=&#8221;off&#8221; button_two_bg_color__hover_enabled=&#8221;off&#8221;][\/et_pb_contact_field][et_pb_contact_field field_id=&#8221;Telephone&#8221; field_title=&#8221;Phone&#8221; required_mark=&#8221;off&#8221; _builder_version=&#8221;4.19.4&#8243; _module_preset=&#8221;default&#8221; global_colors_info=&#8221;{}&#8221;][\/et_pb_contact_field][et_pb_contact_field field_id=&#8221;Ville&#8221; field_title=&#8221;City&#8221; fullwidth_field=&#8221;on&#8221; _builder_version=&#8221;4.19.4&#8243; _module_preset=&#8221;default&#8221; global_colors_info=&#8221;{}&#8221;][\/et_pb_contact_field][et_pb_contact_field field_id=&#8221;Societe&#8221; field_title=&#8221;Company*&#8221; fullwidth_field=&#8221;on&#8221; _builder_version=&#8221;4.19.4&#8243; _module_preset=&#8221;default&#8221; global_colors_info=&#8221;{}&#8221;][\/et_pb_contact_field][et_pb_contact_field field_id=&#8221;Message&#8221; field_title=&#8221;Message&#8221; field_type=&#8221;text&#8221; fullwidth_field=&#8221;on&#8221; _builder_version=&#8221;4.19.4&#8243; form_field_text_color=&#8221;#A7A7A7&#8243; form_field_focus_text_color=&#8221;#666666&#8243; hover_enabled=&#8221;0&#8243; global_colors_info=&#8221;{}&#8221; button_text_size__hover_enabled=&#8221;off&#8221; button_one_text_size__hover_enabled=&#8221;off&#8221; button_two_text_size__hover_enabled=&#8221;off&#8221; button_text_color__hover_enabled=&#8221;off&#8221; button_one_text_color__hover_enabled=&#8221;off&#8221; button_two_text_color__hover_enabled=&#8221;off&#8221; button_border_width__hover_enabled=&#8221;off&#8221; button_one_border_width__hover_enabled=&#8221;off&#8221; button_two_border_width__hover_enabled=&#8221;off&#8221; button_border_color__hover_enabled=&#8221;off&#8221; button_one_border_color__hover_enabled=&#8221;off&#8221; button_two_border_color__hover_enabled=&#8221;off&#8221; button_border_radius__hover_enabled=&#8221;off&#8221; button_one_border_radius__hover_enabled=&#8221;off&#8221; button_two_border_radius__hover_enabled=&#8221;off&#8221; button_letter_spacing__hover_enabled=&#8221;off&#8221; button_one_letter_spacing__hover_enabled=&#8221;off&#8221; button_two_letter_spacing__hover_enabled=&#8221;off&#8221; button_bg_color__hover_enabled=&#8221;off&#8221; button_one_bg_color__hover_enabled=&#8221;off&#8221; button_two_bg_color__hover_enabled=&#8221;off&#8221; sticky_enabled=&#8221;0&#8243;][\/et_pb_contact_field][et_pb_contact_field field_id=&#8221;Field_8&#8243; field_title=&#8221; &#8221; field_type=&#8221;checkbox&#8221; checkbox_options=&#8221;%91{%22value%22:%22I have read and accept the Terms and Conditions of Use%22,%22checked%22:0,%22dragID%22:-1}%93&#8243; fullwidth_field=&#8221;on&#8221; _builder_version=&#8221;4.19.4&#8243; _module_preset=&#8221;default&#8221; form_field_text_color=&#8221;#0E0821&#8243; form_field_font_size=&#8221;14px&#8221; border_width_all=&#8221;2px&#8221; border_color_all=&#8221;#BFBFBF&#8221; global_colors_info=&#8221;{}&#8221;][\/et_pb_contact_field][\/et_pb_contact_form][\/et_pb_column][\/et_pb_row][\/et_pb_section]<\/p>\n","protected":false},"excerpt":{"rendered":"<p>CONTACTGet in touch!I will be happy to speak with you on the phone.Based on your needs, we will think together how to boost your talents and gain agility and enjoyment at work.Suisse +41 (0)77 209 90 94 France +33 (0)6 60 12 66 88 anne@origamiandco.com LinkedIn<\/p>\n","protected":false},"author":2,"featured_media":0,"parent":0,"menu_order":0,"comment_status":"closed","ping_status":"closed","template":"","meta":{"_et_pb_use_builder":"on","_et_pb_old_content":"","_et_gb_content_width":"","footnotes":""},"class_list":["post-731","page","type-page","status-publish","hentry"],"yoast_head":"<!-- This site is optimized with the Yoast SEO plugin v27.4 - https:\/\/yoast.com\/product\/yoast-seo-wordpress\/ -->\n<title>Contact - Origami<\/title>\n<meta name=\"description\" content=\"Anne Gaudel, ICF certified coach and facilitator of collective intelligence. A coach striving for collaboration with a human yet effective approach.\" \/>\n<meta name=\"robots\" content=\"index, follow, max-snippet:-1, max-image-preview:large, max-video-preview:-1\" \/>\n<link rel=\"canonical\" href=\"https:\/\/www.origamiandco.com\/en\/contact\/\" \/>\n<meta property=\"og:locale\" content=\"en_US\" \/>\n<meta property=\"og:type\" content=\"article\" \/>\n<meta property=\"og:title\" content=\"Contact - Origami\" \/>\n<meta property=\"og:description\" content=\"Anne Gaudel, ICF certified coach and facilitator of collective intelligence. A coach striving for collaboration with a human yet effective approach.\" \/>\n<meta property=\"og:url\" content=\"https:\/\/www.origamiandco.com\/en\/contact\/\" \/>\n<meta property=\"og:site_name\" content=\"Origami\" \/>\n<meta property=\"article:modified_time\" content=\"2023-02-26T17:51:33+00:00\" \/>\n<meta name=\"twitter:card\" content=\"summary_large_image\" \/>\n<meta name=\"twitter:label1\" content=\"Est. reading time\" \/>\n\t<meta name=\"twitter:data1\" content=\"6 minutes\" \/>\n<script type=\"application\/ld+json\" class=\"yoast-schema-graph\">{\"@context\":\"https:\\\/\\\/schema.org\",\"@graph\":[{\"@type\":\"WebPage\",\"@id\":\"https:\\\/\\\/www.origamiandco.com\\\/en\\\/contact\\\/\",\"url\":\"https:\\\/\\\/www.origamiandco.com\\\/en\\\/contact\\\/\",\"name\":\"Contact - Origami\",\"isPartOf\":{\"@id\":\"https:\\\/\\\/www.origamiandco.com\\\/#website\"},\"datePublished\":\"2023-01-12T13:37:08+00:00\",\"dateModified\":\"2023-02-26T17:51:33+00:00\",\"description\":\"Anne Gaudel, ICF certified coach and facilitator of collective intelligence. A coach striving for collaboration with a human yet effective approach.\",\"breadcrumb\":{\"@id\":\"https:\\\/\\\/www.origamiandco.com\\\/en\\\/contact\\\/#breadcrumb\"},\"inLanguage\":\"en-US\",\"potentialAction\":[{\"@type\":\"ReadAction\",\"target\":[\"https:\\\/\\\/www.origamiandco.com\\\/en\\\/contact\\\/\"]}]},{\"@type\":\"BreadcrumbList\",\"@id\":\"https:\\\/\\\/www.origamiandco.com\\\/en\\\/contact\\\/#breadcrumb\",\"itemListElement\":[{\"@type\":\"ListItem\",\"position\":1,\"name\":\"Accueil\",\"item\":\"https:\\\/\\\/www.origamiandco.com\\\/en\\\/home\\\/\"},{\"@type\":\"ListItem\",\"position\":2,\"name\":\"Contact\"}]},{\"@type\":\"WebSite\",\"@id\":\"https:\\\/\\\/www.origamiandco.com\\\/#website\",\"url\":\"https:\\\/\\\/www.origamiandco.com\\\/\",\"name\":\"Origami\",\"description\":\"Adaptation des organisations et Conduite du changement en entreprise,  une approche sur mesure et globale: l\u2019individu, le collectif et l\u2019\u00e9cosyst\u00e8me: Facilitation d\u2019intelligence collaborative, formation en intelligence \u00e9motionnelle et coaching personnalis\u00e9.  R\u00e9gions Geneve, Annecy et ailleurs.\",\"publisher\":{\"@id\":\"https:\\\/\\\/www.origamiandco.com\\\/#organization\"},\"potentialAction\":[{\"@type\":\"SearchAction\",\"target\":{\"@type\":\"EntryPoint\",\"urlTemplate\":\"https:\\\/\\\/www.origamiandco.com\\\/?s={search_term_string}\"},\"query-input\":{\"@type\":\"PropertyValueSpecification\",\"valueRequired\":true,\"valueName\":\"search_term_string\"}}],\"inLanguage\":\"en-US\"},{\"@type\":\"Organization\",\"@id\":\"https:\\\/\\\/www.origamiandco.com\\\/#organization\",\"name\":\"Origami\",\"url\":\"https:\\\/\\\/www.origamiandco.com\\\/\",\"logo\":{\"@type\":\"ImageObject\",\"inLanguage\":\"en-US\",\"@id\":\"https:\\\/\\\/www.origamiandco.com\\\/#\\\/schema\\\/logo\\\/image\\\/\",\"url\":\"https:\\\/\\\/www.origamiandco.com\\\/wp-content\\\/uploads\\\/2023\\\/01\\\/Logo-Origami.png\",\"contentUrl\":\"https:\\\/\\\/www.origamiandco.com\\\/wp-content\\\/uploads\\\/2023\\\/01\\\/Logo-Origami.png\",\"width\":821,\"height\":800,\"caption\":\"Origami\"},\"image\":{\"@id\":\"https:\\\/\\\/www.origamiandco.com\\\/#\\\/schema\\\/logo\\\/image\\\/\"},\"sameAs\":[\"https:\\\/\\\/fr.linkedin.com\\\/in\\\/anne-gaudel-89455464\"]}]}<\/script>\n<!-- \/ Yoast SEO plugin. -->","yoast_head_json":{"title":"Contact - Origami","description":"Anne Gaudel, ICF certified coach and facilitator of collective intelligence. A coach striving for collaboration with a human yet effective approach.","robots":{"index":"index","follow":"follow","max-snippet":"max-snippet:-1","max-image-preview":"max-image-preview:large","max-video-preview":"max-video-preview:-1"},"canonical":"https:\/\/www.origamiandco.com\/en\/contact\/","og_locale":"en_US","og_type":"article","og_title":"Contact - Origami","og_description":"Anne Gaudel, ICF certified coach and facilitator of collective intelligence. A coach striving for collaboration with a human yet effective approach.","og_url":"https:\/\/www.origamiandco.com\/en\/contact\/","og_site_name":"Origami","article_modified_time":"2023-02-26T17:51:33+00:00","twitter_card":"summary_large_image","twitter_misc":{"Est. reading time":"6 minutes"},"schema":{"@context":"https:\/\/schema.org","@graph":[{"@type":"WebPage","@id":"https:\/\/www.origamiandco.com\/en\/contact\/","url":"https:\/\/www.origamiandco.com\/en\/contact\/","name":"Contact - Origami","isPartOf":{"@id":"https:\/\/www.origamiandco.com\/#website"},"datePublished":"2023-01-12T13:37:08+00:00","dateModified":"2023-02-26T17:51:33+00:00","description":"Anne Gaudel, ICF certified coach and facilitator of collective intelligence. A coach striving for collaboration with a human yet effective approach.","breadcrumb":{"@id":"https:\/\/www.origamiandco.com\/en\/contact\/#breadcrumb"},"inLanguage":"en-US","potentialAction":[{"@type":"ReadAction","target":["https:\/\/www.origamiandco.com\/en\/contact\/"]}]},{"@type":"BreadcrumbList","@id":"https:\/\/www.origamiandco.com\/en\/contact\/#breadcrumb","itemListElement":[{"@type":"ListItem","position":1,"name":"Accueil","item":"https:\/\/www.origamiandco.com\/en\/home\/"},{"@type":"ListItem","position":2,"name":"Contact"}]},{"@type":"WebSite","@id":"https:\/\/www.origamiandco.com\/#website","url":"https:\/\/www.origamiandco.com\/","name":"Origami","description":"Adaptation des organisations et Conduite du changement en entreprise,  une approche sur mesure et globale: l\u2019individu, le collectif et l\u2019\u00e9cosyst\u00e8me: Facilitation d\u2019intelligence collaborative, formation en intelligence \u00e9motionnelle et coaching personnalis\u00e9.  R\u00e9gions Geneve, Annecy et ailleurs.","publisher":{"@id":"https:\/\/www.origamiandco.com\/#organization"},"potentialAction":[{"@type":"SearchAction","target":{"@type":"EntryPoint","urlTemplate":"https:\/\/www.origamiandco.com\/?s={search_term_string}"},"query-input":{"@type":"PropertyValueSpecification","valueRequired":true,"valueName":"search_term_string"}}],"inLanguage":"en-US"},{"@type":"Organization","@id":"https:\/\/www.origamiandco.com\/#organization","name":"Origami","url":"https:\/\/www.origamiandco.com\/","logo":{"@type":"ImageObject","inLanguage":"en-US","@id":"https:\/\/www.origamiandco.com\/#\/schema\/logo\/image\/","url":"https:\/\/www.origamiandco.com\/wp-content\/uploads\/2023\/01\/Logo-Origami.png","contentUrl":"https:\/\/www.origamiandco.com\/wp-content\/uploads\/2023\/01\/Logo-Origami.png","width":821,"height":800,"caption":"Origami"},"image":{"@id":"https:\/\/www.origamiandco.com\/#\/schema\/logo\/image\/"},"sameAs":["https:\/\/fr.linkedin.com\/in\/anne-gaudel-89455464"]}]}},"_links":{"self":[{"href":"https:\/\/www.origamiandco.com\/en\/wp-json\/wp\/v2\/pages\/731","targetHints":{"allow":["GET"]}}],"collection":[{"href":"https:\/\/www.origamiandco.com\/en\/wp-json\/wp\/v2\/pages"}],"about":[{"href":"https:\/\/www.origamiandco.com\/en\/wp-json\/wp\/v2\/types\/page"}],"author":[{"embeddable":true,"href":"https:\/\/www.origamiandco.com\/en\/wp-json\/wp\/v2\/users\/2"}],"replies":[{"embeddable":true,"href":"https:\/\/www.origamiandco.com\/en\/wp-json\/wp\/v2\/comments?post=731"}],"version-history":[{"count":13,"href":"https:\/\/www.origamiandco.com\/en\/wp-json\/wp\/v2\/pages\/731\/revisions"}],"predecessor-version":[{"id":1009,"href":"https:\/\/www.origamiandco.com\/en\/wp-json\/wp\/v2\/pages\/731\/revisions\/1009"}],"wp:attachment":[{"href":"https:\/\/www.origamiandco.com\/en\/wp-json\/wp\/v2\/media?parent=731"}],"curies":[{"name":"wp","href":"https:\/\/api.w.org\/{rel}","templated":true}]}}