{"id":754,"date":"2023-01-14T12:17:18","date_gmt":"2023-01-14T11:17:18","guid":{"rendered":"https:\/\/www.origamiandco.com\/individual-coaching\/"},"modified":"2023-02-25T19:02:13","modified_gmt":"2023-02-25T18:02:13","slug":"individual-coaching","status":"publish","type":"page","link":"https:\/\/www.origamiandco.com\/en\/individual-coaching\/","title":{"rendered":"Individual coaching"},"content":{"rendered":"<p>[et_pb_section fb_built=&#8221;1&#8243; custom_padding_last_edited=&#8221;on|phone&#8221; _builder_version=&#8221;4.19.4&#8243; _module_preset=&#8221;default&#8221; custom_padding=&#8221;120px||120px||false|false&#8221; custom_padding_tablet=&#8221;120px||120px||false|false&#8221; custom_padding_phone=&#8221;60px||60px||false|false&#8221; border_color_all=&#8221;#bfbfbf&#8221; border_width_bottom=&#8221;1px&#8221; border_style_bottom=&#8221;dashed&#8221; saved_tabs=&#8221;all&#8221; global_colors_info=&#8221;{}&#8221;][et_pb_row custom_padding_last_edited=&#8221;on|phone&#8221; _builder_version=&#8221;4.19.4&#8243; _module_preset=&#8221;default&#8221; width_tablet=&#8221;&#8221; width_phone=&#8221;100%&#8221; width_last_edited=&#8221;on|phone&#8221; custom_margin=&#8221;0px||0px||false|false&#8221; custom_padding=&#8221;0px||0px||false|false&#8221; custom_padding_tablet=&#8221;&#8221; custom_padding_phone=&#8221;|20px||20px|false|false&#8221; global_colors_info=&#8221;{}&#8221;][et_pb_column type=&#8221;4_4&#8243; _builder_version=&#8221;4.19.4&#8243; _module_preset=&#8221;default&#8221; global_colors_info=&#8221;{}&#8221;][et_pb_image src=&#8221;https:\/\/www.origamiandco.com\/wp-content\/uploads\/2023\/01\/Individuel.png&#8221; title_text=&#8221;Individuel&#8221; align=&#8221;center&#8221; _builder_version=&#8221;4.19.4&#8243; _module_preset=&#8221;default&#8221; max_width=&#8221;140px&#8221; custom_margin=&#8221;||20px||false|false&#8221; global_colors_info=&#8221;{}&#8221;][\/et_pb_image][et_pb_text _builder_version=&#8221;4.19.4&#8243; _module_preset=&#8221;default&#8221; text_font=&#8221;|||on|||||&#8221; text_text_color=&#8221;#d26820&#8243; text_font_size=&#8221;0.94rem&#8221; custom_margin=&#8221;||0px||false|false&#8221; global_colors_info=&#8221;{}&#8221;]<\/p>\n<h4 style=\"text-align: center;\">CHOOSE TO WORK WITH ORIGAMI<\/h4>\n<p>[\/et_pb_text][et_pb_text content_tablet=&#8221;<\/p>\n<h1 style=%22text-align: center; color: #0e0821 !important;%22>GROUP<br \/>\nCOACHING<\/h1>\n<p>&#8221; content_phone=&#8221;<\/p>\n<h2 style=%22text-align: center; color: #0e0821 !important;%22>GROUP<br \/>\nCOACHING<\/h2>\n<p>&#8221; content_last_edited=&#8221;on|phone&#8221; _builder_version=&#8221;4.19.4&#8243; _module_preset=&#8221;default&#8221; custom_margin=&#8221;||0px||false|false&#8221; custom_padding=&#8221;||||false|false&#8221; global_colors_info=&#8221;{}&#8221;]<\/p>\n<h1 style=\"text-align: center; color: #0e0821 !important;\">GROUP<br \/>\nCOACHING<\/h1>\n<p>[\/et_pb_text][\/et_pb_column][\/et_pb_row][\/et_pb_section][et_pb_section fb_built=&#8221;1&#8243; _builder_version=&#8221;4.19.4&#8243; _module_preset=&#8221;default&#8221; custom_margin=&#8221;0px||0px||false|false&#8221; custom_padding=&#8221;0px||0px||false|false&#8221; border_width_bottom=&#8221;1px&#8221; border_color_bottom=&#8221;#BFBFBF&#8221; global_colors_info=&#8221;{}&#8221;][et_pb_row column_structure=&#8221;1_2,1_2&#8243; use_custom_gutter=&#8221;on&#8221; gutter_width=&#8221;1&#8243; make_equal=&#8221;on&#8221; _builder_version=&#8221;4.19.4&#8243; _module_preset=&#8221;default&#8221; width=&#8221;100%&#8221; max_width=&#8221;2000px&#8221; custom_margin=&#8221;0px|auto|0px|auto|false|false&#8221; custom_padding=&#8221;0px|0px|0px|0px|false|false&#8221; global_colors_info=&#8221;{}&#8221;][et_pb_column type=&#8221;1_2&#8243; _builder_version=&#8221;4.19.4&#8243; _module_preset=&#8221;default&#8221; custom_padding=&#8221;120px|40px|120px|40px|false|true&#8221; custom_padding_tablet=&#8221;120px|40px|120px|40px|false|true&#8221; custom_padding_phone=&#8221;60px|20px|60px|20px|false|true&#8221; custom_padding_last_edited=&#8221;on|phone&#8221; custom_css_main_element=&#8221;display: flex;||flex-direction: column;||justify-content: center;&#8221; border_width_right=&#8221;1px&#8221; border_color_right=&#8221;#BFBFBF&#8221; border_style_right=&#8221;dashed&#8221; border_color_bottom=&#8221;#BFBFBF&#8221; border_style_bottom=&#8221;dashed&#8221; border_width_right_tablet=&#8221;0px&#8221; border_width_right_phone=&#8221;0px&#8221; border_width_right_last_edited=&#8221;on|tablet&#8221; border_width_bottom_tablet=&#8221;1px&#8221; border_width_bottom_phone=&#8221;1px&#8221; border_width_bottom_last_edited=&#8221;on|tablet&#8221; global_colors_info=&#8221;{}&#8221;][et_pb_text _builder_version=&#8221;4.19.4&#8243; _module_preset=&#8221;default&#8221; max_width=&#8221;580px&#8221; custom_margin=&#8221;0px|auto|0px|auto|false|false&#8221; custom_padding=&#8221;0px||0px||false|false&#8221; saved_tabs=&#8221;all&#8221; global_colors_info=&#8221;{}&#8221;]<\/p>\n<h2>Leaders, entrepreneurs and managers<\/h2>\n<p>[\/et_pb_text][et_pb_text _builder_version=&#8221;4.19.4&#8243; _module_preset=&#8221;default&#8221; max_width=&#8221;580px&#8221; custom_margin=&#8221;|auto|20px|auto|false|false&#8221; global_colors_info=&#8221;{}&#8221;]<\/p>\n<h3>Exclusive and tailor made coaching, towards more trust, team cohesion and efficiency within board of directors.<br \/>Management: Better communication, conflict prevention.<br \/>Stimulate responsibilisation and innovation, towards enjoyment and performance. Prioritize and make a success of projects.<\/h3>\n<p>[\/et_pb_text][et_pb_blurb image=&#8221;https:\/\/www.origamiandco.com\/wp-content\/uploads\/2023\/01\/clock-outline.png&#8221; icon_placement=&#8221;left&#8221; image_icon_width=&#8221;32px&#8221; content_max_width=&#8221;100%&#8221; _builder_version=&#8221;4.19.4&#8243; _module_preset=&#8221;default&#8221; width=&#8221;100%&#8221; max_width=&#8221;580px&#8221; custom_margin=&#8221;0px|auto|20px|auto|false|false&#8221; custom_padding=&#8221;0px|0px|0px|0px|false|false&#8221; global_colors_info=&#8221;{}&#8221;]<\/p>\n<p>Between 8 and 15 personalized sessions of 1 hour &#8211; 1.5 hours to achieve one or more objectives<\/p>\n<p>[\/et_pb_blurb][et_pb_blurb image=&#8221;https:\/\/www.origamiandco.com\/wp-content\/uploads\/2023\/01\/check-circled-outline.png&#8221; icon_placement=&#8221;left&#8221; image_icon_width=&#8221;32px&#8221; content_max_width=&#8221;100%&#8221; _builder_version=&#8221;4.19.4&#8243; _module_preset=&#8221;default&#8221; width=&#8221;100%&#8221; max_width=&#8221;580px&#8221; custom_margin=&#8221;0px|auto|20px|auto|false|false&#8221; custom_padding=&#8221;0px|0px|0px|0px|false|false&#8221; global_colors_info=&#8221;{}&#8221;]<\/p>\n<p>Goals:<\/p>\n<ul>\n<li>Refine your leadership: confidence, affirmation, connection, communication, impact.<\/li>\n<li>Optimize your time and energy, learn how to let it go and delegate.<\/li>\n<li>Enable team cohesion and individual commitment.<\/li>\n<li>Encourage support to a strategic vision.<\/li>\n<\/ul>\n<p>[\/et_pb_blurb][\/et_pb_column][et_pb_column type=&#8221;1_2&#8243; _builder_version=&#8221;4.19.4&#8243; _module_preset=&#8221;default&#8221; custom_padding=&#8221;120px|40px|120px|40px|false|true&#8221; custom_padding_tablet=&#8221;120px|40px|120px|40px|false|true&#8221; custom_padding_phone=&#8221;60px|20px|60px|20px|false|true&#8221; custom_padding_last_edited=&#8221;on|phone&#8221; custom_css_main_element=&#8221;display: flex;||flex-direction: column;||justify-content: center;&#8221; global_colors_info=&#8221;{}&#8221;][et_pb_text _builder_version=&#8221;4.19.4&#8243; _module_preset=&#8221;default&#8221; max_width=&#8221;552px&#8221; custom_margin=&#8221;|auto|30px|auto|false|false&#8221; global_colors_info=&#8221;{}&#8221;]<\/p>\n<p>A <b>leader<\/b> often assumes much of the responsibility alone. If being exposed is a reality, suffering criticism is not a fatality. Improving one&#8217;s posture and communication reduces divisions and misunderstandings between managers and employees. By fostering collaboration, you improve teams efficiency and unlock collective creativity.<\/p>\n<p>Established business owner or budding <strong>entrepreneur<\/strong>, you have plenty of ideas and projects in mind but need support to move into action. I offer you to remove together all the obstacles and glass ceiling. Let me accompany you step by step, towards the concrete realization of the projects that will fulfill yourself. <\/p>\n<p>As a <b>manager<\/b>, you sometimes feel like you&#8217;re between a rock and a hard place, alone and pressed by operational urgency. I support you towards more tranquility and confidence in your leadership style.  Learn how to let it go and invite your team members to more responsability and autonomy, for more enjoyment in your daily life.<\/p>\n<p>[\/et_pb_text][\/et_pb_column][\/et_pb_row][\/et_pb_section][et_pb_section fb_built=&#8221;1&#8243; _builder_version=&#8221;4.19.4&#8243; _module_preset=&#8221;default&#8221; custom_margin=&#8221;0px||0px||false|false&#8221; custom_padding=&#8221;0px||0px||false|false&#8221; global_colors_info=&#8221;{}&#8221;][et_pb_row column_structure=&#8221;1_2,1_2&#8243; use_custom_gutter=&#8221;on&#8221; gutter_width=&#8221;1&#8243; make_equal=&#8221;on&#8221; _builder_version=&#8221;4.19.4&#8243; _module_preset=&#8221;default&#8221; width=&#8221;100%&#8221; max_width=&#8221;2000px&#8221; custom_margin=&#8221;0px|auto|0px|auto|false|false&#8221; custom_padding=&#8221;0px|0px|0px|0px|false|false&#8221; global_colors_info=&#8221;{}&#8221;][et_pb_column type=&#8221;1_2&#8243; _builder_version=&#8221;4.19.4&#8243; _module_preset=&#8221;default&#8221; custom_padding=&#8221;120px|40px|120px|40px|false|true&#8221; custom_padding_tablet=&#8221;120px|40px|120px|40px|false|true&#8221; custom_padding_phone=&#8221;60px|20px|60px|20px|false|true&#8221; custom_padding_last_edited=&#8221;on|phone&#8221; custom_css_main_element=&#8221;display: flex;||flex-direction: column;||justify-content: center;&#8221; border_width_right=&#8221;1px&#8221; border_color_right=&#8221;#BFBFBF&#8221; border_style_right=&#8221;dashed&#8221; border_color_bottom=&#8221;#BFBFBF&#8221; border_style_bottom=&#8221;dashed&#8221; border_width_right_tablet=&#8221;0px&#8221; border_width_right_phone=&#8221;0px&#8221; border_width_right_last_edited=&#8221;on|tablet&#8221; border_width_bottom_tablet=&#8221;1px&#8221; border_width_bottom_phone=&#8221;1px&#8221; border_width_bottom_last_edited=&#8221;on|tablet&#8221; global_colors_info=&#8221;{}&#8221;][et_pb_text _builder_version=&#8221;4.19.4&#8243; _module_preset=&#8221;default&#8221; width=&#8221;100%&#8221; max_width=&#8221;580px&#8221; custom_margin=&#8221;0px|auto|0px|auto|false|false&#8221; custom_padding=&#8221;0px||0px||false|false&#8221; custom_css_main_element=&#8221;width: 100% !important;&#8221; saved_tabs=&#8221;all&#8221; global_colors_info=&#8221;{}&#8221;]<\/p>\n<h2 style=\"text-align: left;\">Collaborators<\/h2>\n<p>[\/et_pb_text][et_pb_text _builder_version=&#8221;4.19.4&#8243; _module_preset=&#8221;default&#8221; max_width=&#8221;580px&#8221; custom_margin=&#8221;|auto|20px|auto|false|false&#8221; global_colors_info=&#8221;{}&#8221;]<\/p>\n<h3>Find confidence in yourself and your unique skills.<br \/>What about contributing to the height of your aspirations? Develop your potentials, relying on your unique and specific experience.<br \/>Improve communication and the quality of your relationships.<br \/>Find balance, purpose and motivation, engage differently.<\/h3>\n<p>[\/et_pb_text][et_pb_blurb image=&#8221;https:\/\/www.origamiandco.com\/wp-content\/uploads\/2023\/01\/clock-outline.png&#8221; icon_placement=&#8221;left&#8221; image_icon_width=&#8221;32px&#8221; content_max_width=&#8221;100%&#8221; _builder_version=&#8221;4.19.4&#8243; _module_preset=&#8221;default&#8221; max_width=&#8221;580px&#8221; custom_margin=&#8221;0px|auto|20px|auto|false|false&#8221; custom_padding=&#8221;0px|0px|0px|0px|false|false&#8221; global_colors_info=&#8221;{}&#8221;]<\/p>\n<p>Between 8 and 15 personalized sessions of 1 hour &#8211; 1.5 hours to achieve one or more objectives<\/p>\n<p>[\/et_pb_blurb][et_pb_blurb image=&#8221;https:\/\/www.origamiandco.com\/wp-content\/uploads\/2023\/01\/check-circled-outline.png&#8221; icon_placement=&#8221;left&#8221; image_icon_width=&#8221;32px&#8221; content_max_width=&#8221;100%&#8221; _builder_version=&#8221;4.19.4&#8243; _module_preset=&#8221;default&#8221; max_width=&#8221;580px&#8221; custom_margin=&#8221;0px|auto|20px|auto|false|false&#8221; custom_padding=&#8221;0px|0px|0px|0px|false|false&#8221; global_colors_info=&#8221;{}&#8221;]<\/p>\n<p>Goals:<\/p>\n<ul>\n<li>Identify and build on unique skills<\/li>\n<li>Adapt to changes while respecting your limits<\/li>\n<li>Identify any underlying fear, learn to tame them<\/li>\n<li>Free yourself from limiting beliefs and express your full potential<\/li>\n<li>Improve your communication to have a better impact and peaceful relationships<\/li>\n<\/ul>\n<p>[\/et_pb_blurb][\/et_pb_column][et_pb_column type=&#8221;1_2&#8243; _builder_version=&#8221;4.19.4&#8243; _module_preset=&#8221;default&#8221; custom_padding=&#8221;120px|40px|120px|40px|false|false&#8221; custom_padding_tablet=&#8221;120px|40px|120px|40px|false|false&#8221; custom_padding_phone=&#8221;60px|20px|60px|20px|false|true&#8221; custom_padding_last_edited=&#8221;on|phone&#8221; custom_css_main_element=&#8221;display: flex;||flex-direction: column;||justify-content: center;&#8221; global_colors_info=&#8221;{}&#8221;][et_pb_text _builder_version=&#8221;4.19.4&#8243; _module_preset=&#8221;default&#8221; max_width=&#8221;552px&#8221; custom_margin=&#8221;|auto|30px|auto|false|false&#8221; global_colors_info=&#8221;{}&#8221;]<\/p>\n<p>The individual within the group: you\u2019ll benefit from coaching and personalized support to enhance your specific skills. Because once reassured about our legitimacy, we are better able to take responsibility and nurture the collective effort. We feel supported, we take our place better, while learning from others. You will reach healthier work-life balance, and find joy of purpose, and motivation.<\/p>\n<p>You may even be surprised to engage differently in multiple aspects of your life.<\/p>\n<p>&nbsp;<\/p>\n<p>[\/et_pb_text][\/et_pb_column][\/et_pb_row][\/et_pb_section][et_pb_section fb_built=&#8221;1&#8243; _builder_version=&#8221;4.19.4&#8243; _module_preset=&#8221;default&#8221; custom_padding=&#8221;120px||120px||false|false&#8221; border_color_all=&#8221;#bfbfbf&#8221; border_width_top=&#8221;1px&#8221; border_color_top=&#8221;#BFBFBF&#8221; border_style_bottom=&#8221;dashed&#8221; global_module=&#8221;257&#8243; saved_tabs=&#8221;all&#8221; global_colors_info=&#8221;{}&#8221;][et_pb_row _builder_version=&#8221;4.19.4&#8243; _module_preset=&#8221;default&#8221; custom_margin=&#8221;0px||0px||false|false&#8221; custom_padding=&#8221;0px||0px||false|false&#8221; global_colors_info=&#8221;{}&#8221;][et_pb_column type=&#8221;4_4&#8243; _builder_version=&#8221;4.19.4&#8243; _module_preset=&#8221;default&#8221; global_colors_info=&#8221;{}&#8221;][et_pb_text _builder_version=&#8221;4.19.4&#8243; _module_preset=&#8221;default&#8221; custom_margin=&#8221;||30px||false|false&#8221; custom_padding=&#8221;||||false|false&#8221; global_colors_info=&#8221;{}&#8221;]<\/p>\n<h2 style=\"text-align: center; color: #0E0821 !important\">Learn More<\/h2>\n<p>[\/et_pb_text][et_pb_button button_url=&#8221;@ET-DC@eyJkeW5hbWljIjp0cnVlLCJjb250ZW50IjoicG9zdF9saW5rX3VybF9wYWdlIiwic2V0dGluZ3MiOnsicG9zdF9pZCI6IjEzMCJ9fQ==@&#8221; button_text=&#8221;Get in Touch&#8221; button_alignment=&#8221;center&#8221; _builder_version=&#8221;4.19.4&#8243; _dynamic_attributes=&#8221;button_url&#8221; _module_preset=&#8221;default&#8221; custom_button=&#8221;on&#8221; button_text_size=&#8221;1rem&#8221; button_text_color=&#8221;#D26820&#8243; button_bg_color=&#8221;#FFFFFF&#8221; button_border_width=&#8221;1px&#8221; button_border_radius=&#8221;3px&#8221; button_font=&#8221;||||||||&#8221; button_use_icon=&#8221;off&#8221; custom_margin=&#8221;||||false|false&#8221; custom_padding=&#8221;12px|20px|12px|20px|false|true&#8221; button_bg_color_last_edited=&#8221;off|desktop&#8221; global_colors_info=&#8221;{}&#8221; button_bg_color__hover_enabled=&#8221;on|desktop&#8221; button_text_color__hover_enabled=&#8221;on|hover&#8221; button_text_color__hover=&#8221;#FFFFFF&#8221; button_bg_color__hover=&#8221;#D26820&#8243; button_bg_enable_color__hover=&#8221;on&#8221; custom_padding__hover_enabled=&#8221;off|desktop&#8221; custom_padding__hover=&#8221;|30px|||false|false&#8221; button_icon_color__hover_enabled=&#8221;on|desktop&#8221; button_icon_color__hover=&#8221;#FFFFFF&#8221;][\/et_pb_button][\/et_pb_column][\/et_pb_row][\/et_pb_section]<\/p>\n","protected":false},"excerpt":{"rendered":"<p>CHOOSE TO WORK WITH ORIGAMIGROUP COACHINGLeaders, entrepreneurs and managersExclusive and tailor made coaching, towards more trust, team cohesion and efficiency within board of directors.Management: Better communication, conflict prevention.Stimulate responsibilisation and innovation, towards enjoyment and performance. Prioritize and make a success of projects.Between 8 and 15 personalized sessions of 1 hour &#8211; 1.5 hours to achieve [&hellip;]<\/p>\n","protected":false},"author":2,"featured_media":0,"parent":0,"menu_order":0,"comment_status":"closed","ping_status":"closed","template":"","meta":{"_et_pb_use_builder":"on","_et_pb_old_content":"","_et_gb_content_width":"","footnotes":""},"class_list":["post-754","page","type-page","status-publish","hentry"],"yoast_head":"<!-- This site is optimized with the Yoast SEO plugin v27.4 - https:\/\/yoast.com\/product\/yoast-seo-wordpress\/ -->\n<title>Individual coaching - Origami<\/title>\n<meta name=\"description\" content=\"Develop your talents, find confidence and enjoyment at work, thanks to a tailor made and exclusive coaching, based on neurosciences.\" \/>\n<meta name=\"robots\" content=\"index, follow, max-snippet:-1, max-image-preview:large, max-video-preview:-1\" \/>\n<link rel=\"canonical\" href=\"https:\/\/www.origamiandco.com\/en\/individual-coaching\/\" \/>\n<meta property=\"og:locale\" content=\"en_US\" \/>\n<meta property=\"og:type\" content=\"article\" \/>\n<meta property=\"og:title\" content=\"Individual coaching - Origami\" \/>\n<meta property=\"og:description\" content=\"Develop your talents, find confidence and enjoyment at work, thanks to a tailor made and exclusive coaching, based on neurosciences.\" \/>\n<meta property=\"og:url\" content=\"https:\/\/www.origamiandco.com\/en\/individual-coaching\/\" \/>\n<meta property=\"og:site_name\" content=\"Origami\" \/>\n<meta property=\"article:modified_time\" content=\"2023-02-25T18:02:13+00:00\" \/>\n<meta name=\"twitter:card\" content=\"summary_large_image\" \/>\n<meta name=\"twitter:label1\" content=\"Est. reading time\" \/>\n\t<meta name=\"twitter:data1\" content=\"9 minutes\" \/>\n<script type=\"application\/ld+json\" class=\"yoast-schema-graph\">{\"@context\":\"https:\\\/\\\/schema.org\",\"@graph\":[{\"@type\":\"WebPage\",\"@id\":\"https:\\\/\\\/www.origamiandco.com\\\/en\\\/individual-coaching\\\/\",\"url\":\"https:\\\/\\\/www.origamiandco.com\\\/en\\\/individual-coaching\\\/\",\"name\":\"Individual coaching - Origami\",\"isPartOf\":{\"@id\":\"https:\\\/\\\/www.origamiandco.com\\\/#website\"},\"datePublished\":\"2023-01-14T11:17:18+00:00\",\"dateModified\":\"2023-02-25T18:02:13+00:00\",\"description\":\"Develop your talents, find confidence and enjoyment at work, thanks to a tailor made and exclusive coaching, based on neurosciences.\",\"breadcrumb\":{\"@id\":\"https:\\\/\\\/www.origamiandco.com\\\/en\\\/individual-coaching\\\/#breadcrumb\"},\"inLanguage\":\"en-US\",\"potentialAction\":[{\"@type\":\"ReadAction\",\"target\":[\"https:\\\/\\\/www.origamiandco.com\\\/en\\\/individual-coaching\\\/\"]}]},{\"@type\":\"BreadcrumbList\",\"@id\":\"https:\\\/\\\/www.origamiandco.com\\\/en\\\/individual-coaching\\\/#breadcrumb\",\"itemListElement\":[{\"@type\":\"ListItem\",\"position\":1,\"name\":\"Accueil\",\"item\":\"https:\\\/\\\/www.origamiandco.com\\\/en\\\/home\\\/\"},{\"@type\":\"ListItem\",\"position\":2,\"name\":\"Individual coaching\"}]},{\"@type\":\"WebSite\",\"@id\":\"https:\\\/\\\/www.origamiandco.com\\\/#website\",\"url\":\"https:\\\/\\\/www.origamiandco.com\\\/\",\"name\":\"Origami\",\"description\":\"Adaptation des organisations et Conduite du changement en entreprise,  une approche sur mesure et globale: l\u2019individu, le collectif et l\u2019\u00e9cosyst\u00e8me: Facilitation d\u2019intelligence collaborative, formation en intelligence \u00e9motionnelle et coaching personnalis\u00e9.  R\u00e9gions Geneve, Annecy et ailleurs.\",\"publisher\":{\"@id\":\"https:\\\/\\\/www.origamiandco.com\\\/#organization\"},\"potentialAction\":[{\"@type\":\"SearchAction\",\"target\":{\"@type\":\"EntryPoint\",\"urlTemplate\":\"https:\\\/\\\/www.origamiandco.com\\\/?s={search_term_string}\"},\"query-input\":{\"@type\":\"PropertyValueSpecification\",\"valueRequired\":true,\"valueName\":\"search_term_string\"}}],\"inLanguage\":\"en-US\"},{\"@type\":\"Organization\",\"@id\":\"https:\\\/\\\/www.origamiandco.com\\\/#organization\",\"name\":\"Origami\",\"url\":\"https:\\\/\\\/www.origamiandco.com\\\/\",\"logo\":{\"@type\":\"ImageObject\",\"inLanguage\":\"en-US\",\"@id\":\"https:\\\/\\\/www.origamiandco.com\\\/#\\\/schema\\\/logo\\\/image\\\/\",\"url\":\"https:\\\/\\\/www.origamiandco.com\\\/wp-content\\\/uploads\\\/2023\\\/01\\\/Logo-Origami.png\",\"contentUrl\":\"https:\\\/\\\/www.origamiandco.com\\\/wp-content\\\/uploads\\\/2023\\\/01\\\/Logo-Origami.png\",\"width\":821,\"height\":800,\"caption\":\"Origami\"},\"image\":{\"@id\":\"https:\\\/\\\/www.origamiandco.com\\\/#\\\/schema\\\/logo\\\/image\\\/\"},\"sameAs\":[\"https:\\\/\\\/fr.linkedin.com\\\/in\\\/anne-gaudel-89455464\"]}]}<\/script>\n<!-- \/ Yoast SEO plugin. -->","yoast_head_json":{"title":"Individual coaching - Origami","description":"Develop your talents, find confidence and enjoyment at work, thanks to a tailor made and exclusive coaching, based on neurosciences.","robots":{"index":"index","follow":"follow","max-snippet":"max-snippet:-1","max-image-preview":"max-image-preview:large","max-video-preview":"max-video-preview:-1"},"canonical":"https:\/\/www.origamiandco.com\/en\/individual-coaching\/","og_locale":"en_US","og_type":"article","og_title":"Individual coaching - Origami","og_description":"Develop your talents, find confidence and enjoyment at work, thanks to a tailor made and exclusive coaching, based on neurosciences.","og_url":"https:\/\/www.origamiandco.com\/en\/individual-coaching\/","og_site_name":"Origami","article_modified_time":"2023-02-25T18:02:13+00:00","twitter_card":"summary_large_image","twitter_misc":{"Est. reading time":"9 minutes"},"schema":{"@context":"https:\/\/schema.org","@graph":[{"@type":"WebPage","@id":"https:\/\/www.origamiandco.com\/en\/individual-coaching\/","url":"https:\/\/www.origamiandco.com\/en\/individual-coaching\/","name":"Individual coaching - Origami","isPartOf":{"@id":"https:\/\/www.origamiandco.com\/#website"},"datePublished":"2023-01-14T11:17:18+00:00","dateModified":"2023-02-25T18:02:13+00:00","description":"Develop your talents, find confidence and enjoyment at work, thanks to a tailor made and exclusive coaching, based on neurosciences.","breadcrumb":{"@id":"https:\/\/www.origamiandco.com\/en\/individual-coaching\/#breadcrumb"},"inLanguage":"en-US","potentialAction":[{"@type":"ReadAction","target":["https:\/\/www.origamiandco.com\/en\/individual-coaching\/"]}]},{"@type":"BreadcrumbList","@id":"https:\/\/www.origamiandco.com\/en\/individual-coaching\/#breadcrumb","itemListElement":[{"@type":"ListItem","position":1,"name":"Accueil","item":"https:\/\/www.origamiandco.com\/en\/home\/"},{"@type":"ListItem","position":2,"name":"Individual coaching"}]},{"@type":"WebSite","@id":"https:\/\/www.origamiandco.com\/#website","url":"https:\/\/www.origamiandco.com\/","name":"Origami","description":"Adaptation des organisations et Conduite du changement en entreprise,  une approche sur mesure et globale: l\u2019individu, le collectif et l\u2019\u00e9cosyst\u00e8me: Facilitation d\u2019intelligence collaborative, formation en intelligence \u00e9motionnelle et coaching personnalis\u00e9.  R\u00e9gions Geneve, Annecy et ailleurs.","publisher":{"@id":"https:\/\/www.origamiandco.com\/#organization"},"potentialAction":[{"@type":"SearchAction","target":{"@type":"EntryPoint","urlTemplate":"https:\/\/www.origamiandco.com\/?s={search_term_string}"},"query-input":{"@type":"PropertyValueSpecification","valueRequired":true,"valueName":"search_term_string"}}],"inLanguage":"en-US"},{"@type":"Organization","@id":"https:\/\/www.origamiandco.com\/#organization","name":"Origami","url":"https:\/\/www.origamiandco.com\/","logo":{"@type":"ImageObject","inLanguage":"en-US","@id":"https:\/\/www.origamiandco.com\/#\/schema\/logo\/image\/","url":"https:\/\/www.origamiandco.com\/wp-content\/uploads\/2023\/01\/Logo-Origami.png","contentUrl":"https:\/\/www.origamiandco.com\/wp-content\/uploads\/2023\/01\/Logo-Origami.png","width":821,"height":800,"caption":"Origami"},"image":{"@id":"https:\/\/www.origamiandco.com\/#\/schema\/logo\/image\/"},"sameAs":["https:\/\/fr.linkedin.com\/in\/anne-gaudel-89455464"]}]}},"_links":{"self":[{"href":"https:\/\/www.origamiandco.com\/en\/wp-json\/wp\/v2\/pages\/754","targetHints":{"allow":["GET"]}}],"collection":[{"href":"https:\/\/www.origamiandco.com\/en\/wp-json\/wp\/v2\/pages"}],"about":[{"href":"https:\/\/www.origamiandco.com\/en\/wp-json\/wp\/v2\/types\/page"}],"author":[{"embeddable":true,"href":"https:\/\/www.origamiandco.com\/en\/wp-json\/wp\/v2\/users\/2"}],"replies":[{"embeddable":true,"href":"https:\/\/www.origamiandco.com\/en\/wp-json\/wp\/v2\/comments?post=754"}],"version-history":[{"count":14,"href":"https:\/\/www.origamiandco.com\/en\/wp-json\/wp\/v2\/pages\/754\/revisions"}],"predecessor-version":[{"id":946,"href":"https:\/\/www.origamiandco.com\/en\/wp-json\/wp\/v2\/pages\/754\/revisions\/946"}],"wp:attachment":[{"href":"https:\/\/www.origamiandco.com\/en\/wp-json\/wp\/v2\/media?parent=754"}],"curies":[{"name":"wp","href":"https:\/\/api.w.org\/{rel}","templated":true}]}}