{"id":782,"date":"2023-01-17T21:53:20","date_gmt":"2023-01-17T20:53:20","guid":{"rendered":"https:\/\/www.origamiandco.com\/legal-notice\/"},"modified":"2023-02-26T13:23:46","modified_gmt":"2023-02-26T12:23:46","slug":"legal-notice","status":"publish","type":"page","link":"https:\/\/www.origamiandco.com\/en\/legal-notice\/","title":{"rendered":"Legal Notice"},"content":{"rendered":"<p>[et_pb_section fb_built=&#8221;1&#8243; admin_label=&#8221;section&#8221; _builder_version=&#8221;4.16&#8243; global_colors_info=&#8221;{}&#8221;][et_pb_row admin_label=&#8221;row&#8221; _builder_version=&#8221;4.16&#8243; background_size=&#8221;initial&#8221; background_position=&#8221;top_left&#8221; background_repeat=&#8221;repeat&#8221; global_colors_info=&#8221;{}&#8221;][et_pb_column type=&#8221;4_4&#8243; _builder_version=&#8221;4.16&#8243; custom_padding=&#8221;|||&#8221; global_colors_info=&#8221;{}&#8221; custom_padding__hover=&#8221;|||&#8221;][et_pb_text admin_label=&#8221;Text&#8221; _builder_version=&#8221;4.19.4&#8243; background_size=&#8221;initial&#8221; background_position=&#8221;top_left&#8221; background_repeat=&#8221;repeat&#8221; global_colors_info=&#8221;{}&#8221;]<\/p>\n<p><!-- divi:heading --><\/p>\n<h1>Legal Notice<\/h1>\n<h2>Origami<\/h2>\n<p>email adress : anne@origamiandco.com<br \/>Telephone : <span>(+33) 6 60 12 66 88<br \/><\/span>Auto-Entrepreneur<br \/>SIRET : 917 700 957 00017<br \/>SIREN : 917 700 957<br \/>Owner: Anne Gaudel<\/p>\n<p>Website Director is: Anne Gaudel<\/p>\n<p>&nbsp;<\/p>\n<p><span>Web Host<\/span><span> <\/span>:<\/p>\n<p>OVH<\/p>\n<p>SAS capital of 10 174 560 \u20ac<\/p>\n<div>RCS Lille M\u00e9tropole 424 761 419 00045<br \/>Code APE 2620Z<br \/>N\u00b0 TVA : FR 22 424 761 419<br \/>Headquarter : 2 rue Kellermann \u2013 59100 Roubaix \u2013 France<\/div>\n<p>\u2014\u2014\u2013<\/p>\n<p>The purpose of the processing of personal data voluntarily provided by the Internet user on the Site through the \u201cContact\u201d module is to allow the Internet user to be contacted quickly by Origami.<\/p>\n<p>The Internet user is informed that the connection data or data relating to the Internet user&#8217;s browsing from the Site are collected (browsing information) automatically by statistics and audience measurement software. This information is only collected for the purposes of statistical analysis and internal optimization of the website.<\/p>\n<p>The Internet user is also informed that in application of articles 39 and 40 of the law known as &#8220;Informatique et Libert\u00e9s&#8221; of January 6, 1978, modified by law 2004-801 of August 6, 2004, the Internet user has a right to access, rectification, modification and deletion of personal data.<\/p>\n<p><!-- \/divi:paragraph --><\/p>\n<p>[\/et_pb_text][\/et_pb_column][\/et_pb_row][\/et_pb_section]<\/p>\n","protected":false},"excerpt":{"rendered":"<p>Legal Notice Origami email adress : anne@origamiandco.comTelephone : (+33) 6 60 12 66 88Auto-EntrepreneurSIRET : 917 700 957 00017SIREN : 917 700 957Owner: Anne Gaudel Website Director is: Anne Gaudel &nbsp; Web Host : OVH SAS capital of 10 174 560 \u20ac RCS Lille M\u00e9tropole 424 761 419 00045Code APE 2620ZN\u00b0 TVA : FR 22 [&hellip;]<\/p>\n","protected":false},"author":2,"featured_media":0,"parent":0,"menu_order":0,"comment_status":"closed","ping_status":"closed","template":"","meta":{"_et_pb_use_builder":"on","_et_pb_old_content":"","_et_gb_content_width":"","footnotes":""},"class_list":["post-782","page","type-page","status-publish","hentry"],"yoast_head":"<!-- This site is optimized with the Yoast SEO plugin v27.4 - https:\/\/yoast.com\/product\/yoast-seo-wordpress\/ -->\n<title>Legal Notice - Origami<\/title>\n<meta name=\"description\" content=\"Develop team cohesion, collaboration and the agility of your organisation, thanks to professional coaching and collective intelligence facilitation.\" \/>\n<meta name=\"robots\" content=\"index, follow, max-snippet:-1, max-image-preview:large, max-video-preview:-1\" \/>\n<link rel=\"canonical\" href=\"https:\/\/www.origamiandco.com\/en\/legal-notice\/\" \/>\n<meta property=\"og:locale\" content=\"en_US\" \/>\n<meta property=\"og:type\" content=\"article\" \/>\n<meta property=\"og:title\" content=\"Legal Notice - Origami\" \/>\n<meta property=\"og:description\" content=\"Develop team cohesion, collaboration and the agility of your organisation, thanks to professional coaching and collective intelligence facilitation.\" \/>\n<meta property=\"og:url\" content=\"https:\/\/www.origamiandco.com\/en\/legal-notice\/\" \/>\n<meta property=\"og:site_name\" content=\"Origami\" \/>\n<meta property=\"article:modified_time\" content=\"2023-02-26T12:23:46+00:00\" \/>\n<meta name=\"twitter:card\" content=\"summary_large_image\" \/>\n<meta name=\"twitter:label1\" content=\"Est. reading time\" \/>\n\t<meta name=\"twitter:data1\" content=\"1 minute\" \/>\n<script type=\"application\/ld+json\" class=\"yoast-schema-graph\">{\"@context\":\"https:\\\/\\\/schema.org\",\"@graph\":[{\"@type\":\"WebPage\",\"@id\":\"https:\\\/\\\/www.origamiandco.com\\\/en\\\/legal-notice\\\/\",\"url\":\"https:\\\/\\\/www.origamiandco.com\\\/en\\\/legal-notice\\\/\",\"name\":\"Legal Notice - Origami\",\"isPartOf\":{\"@id\":\"https:\\\/\\\/www.origamiandco.com\\\/#website\"},\"datePublished\":\"2023-01-17T20:53:20+00:00\",\"dateModified\":\"2023-02-26T12:23:46+00:00\",\"description\":\"Develop team cohesion, collaboration and the agility of your organisation, thanks to professional coaching and collective intelligence facilitation.\",\"breadcrumb\":{\"@id\":\"https:\\\/\\\/www.origamiandco.com\\\/en\\\/legal-notice\\\/#breadcrumb\"},\"inLanguage\":\"en-US\",\"potentialAction\":[{\"@type\":\"ReadAction\",\"target\":[\"https:\\\/\\\/www.origamiandco.com\\\/en\\\/legal-notice\\\/\"]}]},{\"@type\":\"BreadcrumbList\",\"@id\":\"https:\\\/\\\/www.origamiandco.com\\\/en\\\/legal-notice\\\/#breadcrumb\",\"itemListElement\":[{\"@type\":\"ListItem\",\"position\":1,\"name\":\"Accueil\",\"item\":\"https:\\\/\\\/www.origamiandco.com\\\/en\\\/home\\\/\"},{\"@type\":\"ListItem\",\"position\":2,\"name\":\"Legal Notice\"}]},{\"@type\":\"WebSite\",\"@id\":\"https:\\\/\\\/www.origamiandco.com\\\/#website\",\"url\":\"https:\\\/\\\/www.origamiandco.com\\\/\",\"name\":\"Origami\",\"description\":\"Adaptation des organisations et Conduite du changement en entreprise,  une approche sur mesure et globale: l\u2019individu, le collectif et l\u2019\u00e9cosyst\u00e8me: Facilitation d\u2019intelligence collaborative, formation en intelligence \u00e9motionnelle et coaching personnalis\u00e9.  R\u00e9gions Geneve, Annecy et ailleurs.\",\"publisher\":{\"@id\":\"https:\\\/\\\/www.origamiandco.com\\\/#organization\"},\"potentialAction\":[{\"@type\":\"SearchAction\",\"target\":{\"@type\":\"EntryPoint\",\"urlTemplate\":\"https:\\\/\\\/www.origamiandco.com\\\/?s={search_term_string}\"},\"query-input\":{\"@type\":\"PropertyValueSpecification\",\"valueRequired\":true,\"valueName\":\"search_term_string\"}}],\"inLanguage\":\"en-US\"},{\"@type\":\"Organization\",\"@id\":\"https:\\\/\\\/www.origamiandco.com\\\/#organization\",\"name\":\"Origami\",\"url\":\"https:\\\/\\\/www.origamiandco.com\\\/\",\"logo\":{\"@type\":\"ImageObject\",\"inLanguage\":\"en-US\",\"@id\":\"https:\\\/\\\/www.origamiandco.com\\\/#\\\/schema\\\/logo\\\/image\\\/\",\"url\":\"https:\\\/\\\/www.origamiandco.com\\\/wp-content\\\/uploads\\\/2023\\\/01\\\/Logo-Origami.png\",\"contentUrl\":\"https:\\\/\\\/www.origamiandco.com\\\/wp-content\\\/uploads\\\/2023\\\/01\\\/Logo-Origami.png\",\"width\":821,\"height\":800,\"caption\":\"Origami\"},\"image\":{\"@id\":\"https:\\\/\\\/www.origamiandco.com\\\/#\\\/schema\\\/logo\\\/image\\\/\"},\"sameAs\":[\"https:\\\/\\\/fr.linkedin.com\\\/in\\\/anne-gaudel-89455464\"]}]}<\/script>\n<!-- \/ Yoast SEO plugin. -->","yoast_head_json":{"title":"Legal Notice - Origami","description":"Develop team cohesion, collaboration and the agility of your organisation, thanks to professional coaching and collective intelligence facilitation.","robots":{"index":"index","follow":"follow","max-snippet":"max-snippet:-1","max-image-preview":"max-image-preview:large","max-video-preview":"max-video-preview:-1"},"canonical":"https:\/\/www.origamiandco.com\/en\/legal-notice\/","og_locale":"en_US","og_type":"article","og_title":"Legal Notice - Origami","og_description":"Develop team cohesion, collaboration and the agility of your organisation, thanks to professional coaching and collective intelligence facilitation.","og_url":"https:\/\/www.origamiandco.com\/en\/legal-notice\/","og_site_name":"Origami","article_modified_time":"2023-02-26T12:23:46+00:00","twitter_card":"summary_large_image","twitter_misc":{"Est. reading time":"1 minute"},"schema":{"@context":"https:\/\/schema.org","@graph":[{"@type":"WebPage","@id":"https:\/\/www.origamiandco.com\/en\/legal-notice\/","url":"https:\/\/www.origamiandco.com\/en\/legal-notice\/","name":"Legal Notice - Origami","isPartOf":{"@id":"https:\/\/www.origamiandco.com\/#website"},"datePublished":"2023-01-17T20:53:20+00:00","dateModified":"2023-02-26T12:23:46+00:00","description":"Develop team cohesion, collaboration and the agility of your organisation, thanks to professional coaching and collective intelligence facilitation.","breadcrumb":{"@id":"https:\/\/www.origamiandco.com\/en\/legal-notice\/#breadcrumb"},"inLanguage":"en-US","potentialAction":[{"@type":"ReadAction","target":["https:\/\/www.origamiandco.com\/en\/legal-notice\/"]}]},{"@type":"BreadcrumbList","@id":"https:\/\/www.origamiandco.com\/en\/legal-notice\/#breadcrumb","itemListElement":[{"@type":"ListItem","position":1,"name":"Accueil","item":"https:\/\/www.origamiandco.com\/en\/home\/"},{"@type":"ListItem","position":2,"name":"Legal Notice"}]},{"@type":"WebSite","@id":"https:\/\/www.origamiandco.com\/#website","url":"https:\/\/www.origamiandco.com\/","name":"Origami","description":"Adaptation des organisations et Conduite du changement en entreprise,  une approche sur mesure et globale: l\u2019individu, le collectif et l\u2019\u00e9cosyst\u00e8me: Facilitation d\u2019intelligence collaborative, formation en intelligence \u00e9motionnelle et coaching personnalis\u00e9.  R\u00e9gions Geneve, Annecy et ailleurs.","publisher":{"@id":"https:\/\/www.origamiandco.com\/#organization"},"potentialAction":[{"@type":"SearchAction","target":{"@type":"EntryPoint","urlTemplate":"https:\/\/www.origamiandco.com\/?s={search_term_string}"},"query-input":{"@type":"PropertyValueSpecification","valueRequired":true,"valueName":"search_term_string"}}],"inLanguage":"en-US"},{"@type":"Organization","@id":"https:\/\/www.origamiandco.com\/#organization","name":"Origami","url":"https:\/\/www.origamiandco.com\/","logo":{"@type":"ImageObject","inLanguage":"en-US","@id":"https:\/\/www.origamiandco.com\/#\/schema\/logo\/image\/","url":"https:\/\/www.origamiandco.com\/wp-content\/uploads\/2023\/01\/Logo-Origami.png","contentUrl":"https:\/\/www.origamiandco.com\/wp-content\/uploads\/2023\/01\/Logo-Origami.png","width":821,"height":800,"caption":"Origami"},"image":{"@id":"https:\/\/www.origamiandco.com\/#\/schema\/logo\/image\/"},"sameAs":["https:\/\/fr.linkedin.com\/in\/anne-gaudel-89455464"]}]}},"_links":{"self":[{"href":"https:\/\/www.origamiandco.com\/en\/wp-json\/wp\/v2\/pages\/782","targetHints":{"allow":["GET"]}}],"collection":[{"href":"https:\/\/www.origamiandco.com\/en\/wp-json\/wp\/v2\/pages"}],"about":[{"href":"https:\/\/www.origamiandco.com\/en\/wp-json\/wp\/v2\/types\/page"}],"author":[{"embeddable":true,"href":"https:\/\/www.origamiandco.com\/en\/wp-json\/wp\/v2\/users\/2"}],"replies":[{"embeddable":true,"href":"https:\/\/www.origamiandco.com\/en\/wp-json\/wp\/v2\/comments?post=782"}],"version-history":[{"count":6,"href":"https:\/\/www.origamiandco.com\/en\/wp-json\/wp\/v2\/pages\/782\/revisions"}],"predecessor-version":[{"id":983,"href":"https:\/\/www.origamiandco.com\/en\/wp-json\/wp\/v2\/pages\/782\/revisions\/983"}],"wp:attachment":[{"href":"https:\/\/www.origamiandco.com\/en\/wp-json\/wp\/v2\/media?parent=782"}],"curies":[{"name":"wp","href":"https:\/\/api.w.org\/{rel}","templated":true}]}}